{"id":782,"date":"2024-10-17T12:05:24","date_gmt":"2024-10-17T10:05:24","guid":{"rendered":"https:\/\/www.hajcer.sk\/main\/?page_id=782"},"modified":"2026-05-11T10:23:43","modified_gmt":"2026-05-11T08:23:43","slug":"denne-menu-hajcer-bowling-partizanske","status":"publish","type":"page","link":"https:\/\/www.hajcer.sk\/main\/denne-menu-hajcer-bowling-partizanske\/","title":{"rendered":"Denn\u00e9 menu <br> <h5>Hajcer Bowling Partiz\u00e1nske<\/h5>"},"content":{"rendered":"<a href=\"https:\/\/www.hajcer.sk\/main\/wp-content\/uploads\/2026\/05\/112.-Hajcer-menu.pdf\" class=\"pdfemb-viewer\" style=\"\" data-width=\"max\" data-height=\"max\" data-toolbar=\"bottom\" data-toolbar-fixed=\"off\">112. Hajcer menu<\/a>\n","protected":false},"excerpt":{"rendered":"112. Hajcer menu","protected":false},"author":1,"featured_media":0,"parent":0,"menu_order":0,"comment_status":"closed","ping_status":"closed","template":"","meta":{"footnotes":""},"class_list":["post-782","page","type-page","status-publish","hentry"],"yoast_head":"<!-- This site is optimized with the Yoast SEO plugin v25.3 - https:\/\/yoast.com\/wordpress\/plugins\/seo\/ -->\n<title>Denn\u00e9 menu  Hajcer Bowling Partiz\u00e1nske | Hajcer - Pizzeria &amp; Re\u0161taur\u00e1cia<\/title>\n<meta name=\"robots\" content=\"index, follow, max-snippet:-1, max-image-preview:large, max-video-preview:-1\" \/>\n<link rel=\"canonical\" href=\"https:\/\/www.hajcer.sk\/main\/denne-menu-hajcer-bowling-partizanske\/\" \/>\n<meta property=\"og:locale\" content=\"sk_SK\" \/>\n<meta property=\"og:type\" content=\"article\" \/>\n<meta property=\"og:title\" content=\"Denn\u00e9 menu  Hajcer Bowling Partiz\u00e1nske | Hajcer - Pizzeria &amp; Re\u0161taur\u00e1cia\" \/>\n<meta property=\"og:url\" content=\"https:\/\/www.hajcer.sk\/main\/denne-menu-hajcer-bowling-partizanske\/\" \/>\n<meta property=\"og:site_name\" content=\"Hajcer - Pizzeria &amp; Re\u0161taur\u00e1cia\" \/>\n<meta property=\"article:publisher\" content=\"https:\/\/www.facebook.com\/Hajcer\" \/>\n<meta property=\"article:modified_time\" content=\"2026-05-11T08:23:43+00:00\" \/>\n<meta name=\"twitter:card\" content=\"summary_large_image\" \/>\n<script type=\"application\/ld+json\" class=\"yoast-schema-graph\">{\"@context\":\"https:\/\/schema.org\",\"@graph\":[{\"@type\":\"WebPage\",\"@id\":\"https:\/\/www.hajcer.sk\/main\/denne-menu-hajcer-bowling-partizanske\/\",\"url\":\"https:\/\/www.hajcer.sk\/main\/denne-menu-hajcer-bowling-partizanske\/\",\"name\":\"Denn\u00e9 menu Hajcer Bowling Partiz\u00e1nske | Hajcer - Pizzeria &amp; Re\u0161taur\u00e1cia\",\"isPartOf\":{\"@id\":\"https:\/\/www.hajcer.sk\/main\/#website\"},\"datePublished\":\"2024-10-17T10:05:24+00:00\",\"dateModified\":\"2026-05-11T08:23:43+00:00\",\"breadcrumb\":{\"@id\":\"https:\/\/www.hajcer.sk\/main\/denne-menu-hajcer-bowling-partizanske\/#breadcrumb\"},\"inLanguage\":\"sk-SK\",\"potentialAction\":[{\"@type\":\"ReadAction\",\"target\":[\"https:\/\/www.hajcer.sk\/main\/denne-menu-hajcer-bowling-partizanske\/\"]}]},{\"@type\":\"BreadcrumbList\",\"@id\":\"https:\/\/www.hajcer.sk\/main\/denne-menu-hajcer-bowling-partizanske\/#breadcrumb\",\"itemListElement\":[{\"@type\":\"ListItem\",\"position\":1,\"name\":\"Home\",\"item\":\"https:\/\/www.hajcer.sk\/main\/\"},{\"@type\":\"ListItem\",\"position\":2,\"name\":\"Denn\u00e9 menu Hajcer Bowling Partiz\u00e1nske\"}]},{\"@type\":\"WebSite\",\"@id\":\"https:\/\/www.hajcer.sk\/main\/#website\",\"url\":\"https:\/\/www.hajcer.sk\/main\/\",\"name\":\"Hajcer - Pizzeria &amp; Re\u0161taur\u00e1cia\",\"description\":\"Bo\u0161any &amp; Bowling Partiz\u00e1nske\",\"publisher\":{\"@id\":\"https:\/\/www.hajcer.sk\/main\/#organization\"},\"potentialAction\":[{\"@type\":\"SearchAction\",\"target\":{\"@type\":\"EntryPoint\",\"urlTemplate\":\"https:\/\/www.hajcer.sk\/main\/?s={search_term_string}\"},\"query-input\":{\"@type\":\"PropertyValueSpecification\",\"valueRequired\":true,\"valueName\":\"search_term_string\"}}],\"inLanguage\":\"sk-SK\"},{\"@type\":\"Organization\",\"@id\":\"https:\/\/www.hajcer.sk\/main\/#organization\",\"name\":\"Hajcer\",\"url\":\"https:\/\/www.hajcer.sk\/main\/\",\"logo\":{\"@type\":\"ImageObject\",\"inLanguage\":\"sk-SK\",\"@id\":\"https:\/\/www.hajcer.sk\/main\/#\/schema\/logo\/image\/\",\"url\":\"https:\/\/www.hajcer.sk\/main\/wp-content\/uploads\/2021\/05\/VD-198.jpg\",\"contentUrl\":\"https:\/\/www.hajcer.sk\/main\/wp-content\/uploads\/2021\/05\/VD-198.jpg\",\"width\":1200,\"height\":800,\"caption\":\"Hajcer\"},\"image\":{\"@id\":\"https:\/\/www.hajcer.sk\/main\/#\/schema\/logo\/image\/\"},\"sameAs\":[\"https:\/\/www.facebook.com\/Hajcer\",\"https:\/\/www.instagram.com\/pizzeria_hajcer\/\"]}]}<\/script>\n<!-- \/ Yoast SEO plugin. -->","yoast_head_json":{"title":"Denn\u00e9 menu  Hajcer Bowling Partiz\u00e1nske | Hajcer - Pizzeria &amp; Re\u0161taur\u00e1cia","robots":{"index":"index","follow":"follow","max-snippet":"max-snippet:-1","max-image-preview":"max-image-preview:large","max-video-preview":"max-video-preview:-1"},"canonical":"https:\/\/www.hajcer.sk\/main\/denne-menu-hajcer-bowling-partizanske\/","og_locale":"sk_SK","og_type":"article","og_title":"Denn\u00e9 menu  Hajcer Bowling Partiz\u00e1nske | Hajcer - Pizzeria &amp; Re\u0161taur\u00e1cia","og_url":"https:\/\/www.hajcer.sk\/main\/denne-menu-hajcer-bowling-partizanske\/","og_site_name":"Hajcer - Pizzeria &amp; Re\u0161taur\u00e1cia","article_publisher":"https:\/\/www.facebook.com\/Hajcer","article_modified_time":"2026-05-11T08:23:43+00:00","twitter_card":"summary_large_image","schema":{"@context":"https:\/\/schema.org","@graph":[{"@type":"WebPage","@id":"https:\/\/www.hajcer.sk\/main\/denne-menu-hajcer-bowling-partizanske\/","url":"https:\/\/www.hajcer.sk\/main\/denne-menu-hajcer-bowling-partizanske\/","name":"Denn\u00e9 menu Hajcer Bowling Partiz\u00e1nske | Hajcer - Pizzeria &amp; Re\u0161taur\u00e1cia","isPartOf":{"@id":"https:\/\/www.hajcer.sk\/main\/#website"},"datePublished":"2024-10-17T10:05:24+00:00","dateModified":"2026-05-11T08:23:43+00:00","breadcrumb":{"@id":"https:\/\/www.hajcer.sk\/main\/denne-menu-hajcer-bowling-partizanske\/#breadcrumb"},"inLanguage":"sk-SK","potentialAction":[{"@type":"ReadAction","target":["https:\/\/www.hajcer.sk\/main\/denne-menu-hajcer-bowling-partizanske\/"]}]},{"@type":"BreadcrumbList","@id":"https:\/\/www.hajcer.sk\/main\/denne-menu-hajcer-bowling-partizanske\/#breadcrumb","itemListElement":[{"@type":"ListItem","position":1,"name":"Home","item":"https:\/\/www.hajcer.sk\/main\/"},{"@type":"ListItem","position":2,"name":"Denn\u00e9 menu Hajcer Bowling Partiz\u00e1nske"}]},{"@type":"WebSite","@id":"https:\/\/www.hajcer.sk\/main\/#website","url":"https:\/\/www.hajcer.sk\/main\/","name":"Hajcer - Pizzeria &amp; Re\u0161taur\u00e1cia","description":"Bo\u0161any &amp; Bowling Partiz\u00e1nske","publisher":{"@id":"https:\/\/www.hajcer.sk\/main\/#organization"},"potentialAction":[{"@type":"SearchAction","target":{"@type":"EntryPoint","urlTemplate":"https:\/\/www.hajcer.sk\/main\/?s={search_term_string}"},"query-input":{"@type":"PropertyValueSpecification","valueRequired":true,"valueName":"search_term_string"}}],"inLanguage":"sk-SK"},{"@type":"Organization","@id":"https:\/\/www.hajcer.sk\/main\/#organization","name":"Hajcer","url":"https:\/\/www.hajcer.sk\/main\/","logo":{"@type":"ImageObject","inLanguage":"sk-SK","@id":"https:\/\/www.hajcer.sk\/main\/#\/schema\/logo\/image\/","url":"https:\/\/www.hajcer.sk\/main\/wp-content\/uploads\/2021\/05\/VD-198.jpg","contentUrl":"https:\/\/www.hajcer.sk\/main\/wp-content\/uploads\/2021\/05\/VD-198.jpg","width":1200,"height":800,"caption":"Hajcer"},"image":{"@id":"https:\/\/www.hajcer.sk\/main\/#\/schema\/logo\/image\/"},"sameAs":["https:\/\/www.facebook.com\/Hajcer","https:\/\/www.instagram.com\/pizzeria_hajcer\/"]}]}},"_links":{"self":[{"href":"https:\/\/www.hajcer.sk\/main\/wp-json\/wp\/v2\/pages\/782","targetHints":{"allow":["GET"]}}],"collection":[{"href":"https:\/\/www.hajcer.sk\/main\/wp-json\/wp\/v2\/pages"}],"about":[{"href":"https:\/\/www.hajcer.sk\/main\/wp-json\/wp\/v2\/types\/page"}],"author":[{"embeddable":true,"href":"https:\/\/www.hajcer.sk\/main\/wp-json\/wp\/v2\/users\/1"}],"replies":[{"embeddable":true,"href":"https:\/\/www.hajcer.sk\/main\/wp-json\/wp\/v2\/comments?post=782"}],"version-history":[{"count":7,"href":"https:\/\/www.hajcer.sk\/main\/wp-json\/wp\/v2\/pages\/782\/revisions"}],"predecessor-version":[{"id":821,"href":"https:\/\/www.hajcer.sk\/main\/wp-json\/wp\/v2\/pages\/782\/revisions\/821"}],"wp:attachment":[{"href":"https:\/\/www.hajcer.sk\/main\/wp-json\/wp\/v2\/media?parent=782"}],"curies":[{"name":"wp","href":"https:\/\/api.w.org\/{rel}","templated":true}]}}